{"id":13,"date":"2011-02-23T13:29:16","date_gmt":"2011-02-23T13:29:16","guid":{"rendered":"http:\/\/arbetarkultur.se\/?page_id=13"},"modified":"2023-01-13T16:39:51","modified_gmt":"2023-01-13T16:39:51","slug":"om-aks","status":"publish","type":"page","link":"https:\/\/arbetarkultur.se\/?page_id=13","title":{"rendered":"Om AKS"},"content":{"rendered":"<p><strong><a href=\"https:\/\/arbetarkultur.se\/wp-content\/uploads\/2023\/01\/Stadgar-for-AKS-1.pdf\">H\u00e4r kan du<\/a><a href=\"https:\/\/arbetarkultur.se\/wp-content\/uploads\/2023\/01\/Stadgar-for-AKS-1.pdf\"> l\u00e4<\/a><a href=\"https:\/\/arbetarkultur.se\/wp-content\/uploads\/2023\/01\/Stadgar-for-AKS-1.pdf\">sa<\/a><a href=\"https:\/\/arbetarkultur.se\/wp-content\/uploads\/2023\/01\/Stadgar-for-AKS-1.pdf\"> AKS stadgar.<\/a><\/strong><\/p>\n<p><a href=\"https:\/\/arbetarkultur.se\/wp-content\/uploads\/2023\/01\/Upprop.pdf\"><strong>H\u00e4r kan du l\u00e4sa det ursprungliga uppropet f\u00f6r att bilda AKS.<\/strong><\/a><\/p>\n<p>AKS eller Arbetarnas Kulturhistoriska S\u00e4llskap bildades 1926 med uppgift att \u201di samarbete med Arbetarr\u00f6relsens arkiv tillvarata arbetarr\u00f6relsens och arbetarklassens kulturhistoriska minnen\u201d.<\/p>\n<p>Initiativtagarna var fackligt f\u00f6rtroendevalda p\u00e5 LO och fackf\u00f6rbunden \u2013 LOs kass\u00f6r Johan-Olov Johansson, Fackf\u00f6reningsr\u00f6relsens redakt\u00f6r Ragnar Casparsson och Typograff\u00f6rbundets ordf\u00f6rande Sigvard Cruse f\u00f6r att n\u00e4mna ett par exempel, stod med som undertecknare av det upprop som v\u00e4nde sig till organisationer och enskilda inom den fackliga och politiska arbetarr\u00f6relsen. Den f\u00f6rste och m\u00e5ng\u00e5rige ordf\u00f6randen kom att bli Sigfrid Hansson.<\/p>\n<p>Under \u00e5ren 1926-1969 gav S\u00e4llskapet ut NOTISER fr\u00e5n Arbetarnas Kulturhistoriska S\u00e4llskap, en publikation som kom ut h\u00e4ftesvis sex g\u00e5nger per \u00e5r och inneh\u00f6ll artiklar (drygt 300), litteraturrecensioner (drygt 600) och cirka 5 000 bokanm\u00e4lningar.<\/p>\n<p>Vid sidan av Notiser gav man ut skrifter av varierande inneh\u00e5ll \u2013 den f\u00f6rsta i raden var Sten Sj\u00f6bergs bok om Fredrik Sterky som kom ut 1942. Under 1960-talet b\u00f6rjade s\u00e5 utgivningen av en \u00e5rsbok till medlemmarna, en modell som till\u00e4mpas \u00e4ven idag.<\/p>\n<p>Idag har Arbetarnas Kulturhistoriska S\u00e4llskap cirka 900 medlemmar, b\u00e5de enskilda och organisationer, spridda \u00f6ver hela landet. AKS har alltid haft en n\u00e4ra koppling till Arbetarr\u00f6relsens arkiv och bibliotek och kan s\u00e4gas utg\u00f6ra dess v\u00e4nf\u00f6rening.<\/p>\n<p>Tillsammans med Arbetarr\u00f6relsens arkiv och bibliotek\u00a0 och ABF-Stockholm arrangerar vi f\u00f6rel\u00e4sningar, seminarier, bokbord och vandringar i arbetarr\u00f6relsens fotsp\u00e5r.<\/p>\n","protected":false},"excerpt":{"rendered":"<p>H\u00e4r kan du l\u00e4sa AKS stadgar. H\u00e4r kan du l\u00e4sa det ursprungliga uppropet f\u00f6r att bilda AKS. AKS eller Arbetarnas Kulturhistoriska S\u00e4llskap bildades 1926&#8230;<\/p>\n","protected":false},"author":1,"featured_media":0,"parent":0,"menu_order":0,"comment_status":"closed","ping_status":"open","template":"","meta":{"footnotes":""},"class_list":["post-13","page","type-page","status-publish","hentry"],"_links":{"self":[{"href":"https:\/\/arbetarkultur.se\/index.php?rest_route=\/wp\/v2\/pages\/13","targetHints":{"allow":["GET"]}}],"collection":[{"href":"https:\/\/arbetarkultur.se\/index.php?rest_route=\/wp\/v2\/pages"}],"about":[{"href":"https:\/\/arbetarkultur.se\/index.php?rest_route=\/wp\/v2\/types\/page"}],"author":[{"embeddable":true,"href":"https:\/\/arbetarkultur.se\/index.php?rest_route=\/wp\/v2\/users\/1"}],"replies":[{"embeddable":true,"href":"https:\/\/arbetarkultur.se\/index.php?rest_route=%2Fwp%2Fv2%2Fcomments&post=13"}],"version-history":[{"count":17,"href":"https:\/\/arbetarkultur.se\/index.php?rest_route=\/wp\/v2\/pages\/13\/revisions"}],"predecessor-version":[{"id":1063,"href":"https:\/\/arbetarkultur.se\/index.php?rest_route=\/wp\/v2\/pages\/13\/revisions\/1063"}],"wp:attachment":[{"href":"https:\/\/arbetarkultur.se\/index.php?rest_route=%2Fwp%2Fv2%2Fmedia&parent=13"}],"curies":[{"name":"wp","href":"https:\/\/api.w.org\/{rel}","templated":true}]}}