{"id":1347,"date":"2023-09-21T07:59:03","date_gmt":"2023-09-21T07:59:03","guid":{"rendered":"https:\/\/arbetarkultur.se\/?page_id=1347"},"modified":"2023-09-21T07:59:27","modified_gmt":"2023-09-21T07:59:27","slug":"gravvard","status":"publish","type":"page","link":"https:\/\/arbetarkultur.se\/?page_id=1347","title":{"rendered":"Gravv\u00e5rd"},"content":{"rendered":"\n<p>Arbetarnas Kulturhistoriska S\u00e4llskap har v\u00e5rdnaden om en rad av arbetarr\u00f6relsens pionj\u00e4rers gravar. Du kan st\u00f6dja gravv\u00e5rden genom att sk\u00e4nka en slant via Swish: 123 230 88 98, skriv &#8221;gravv\u00e5rd&#8221; i meddelandet.<\/p>\n\n\n\n<p><strong>August Palm<\/strong><br>AKS har sedan n\u00e5gra \u00e5r tillbaka ansvaret f\u00f6r August Palms grav p\u00e5 Norra begravningsplatsen i Solna. Genom medlemsinsamlingar har det blivit m\u00f6jligt att iordningsst\u00e4lla graven och stenen som blivit illa medfaren under \u00e5rens lopp. Den senaste renoveringen gjordes sommaren 2020.<\/p>\n\n\n\n<p>August Palm (1849-1922) var skr\u00e4ddare, agitator och tidningsredakt\u00f6r. Hans tal <em>Vad vilja socialdemokraterna?<\/em> p\u00e5 Hotell Stockholm i Malm\u00f6 6 november 1881 anses ofta vara startskottet f\u00f6r den socialistiska arbetarr\u00f6relsen i Sverige.<\/p>\n\n\n\n<p><strong>Kata Dalstr\u00f6m<\/strong><br>\u00c5r 2014 \u00f6vertog Arbetarnas Kulturhistoriska S\u00e4llskap ansvaret f\u00f6r Kata Dalstr\u00f6ms grav p\u00e5 Norra begravningsplatsen i Solna. En renovering genomf\u00f6rdes. Katas grav ing\u00e5r i S\u00e4llskapets \u00e5rliga vandringar bland pionj\u00e4rgravarna.<\/p>\n\n\n\n<p>Kata Dalstr\u00f6m (1858-1923) var en av det tidiga 1900-talets mest popul\u00e4ra agitatorer inom arbetarr\u00f6relsen. Vid partisplittringen 1917 ansl\u00f6t hon sig till det nybildade Socialdemokratiska v\u00e4nsterpartiet (senare Sveriges kommunistiska parti).<\/p>\n\n\n\n<p><strong>Hinke Bergegren<\/strong><br>I juni 2020 \u00f6vertog AKS ansvaret f\u00f6r Hinke Bergegrens grav p\u00e5 Norra Begravningsplatsen, ocks\u00e5 den ing\u00e5r i AKS-vandringarna.<\/p>\n\n\n\n<p>Hinke Bergegren (1861-1936) var redakt\u00f6r och agitator. Han tillh\u00f6rde den str\u00f6mning inom den tidiga socialdemokratin som r\u00f6rde sig mot en anarkosyndikalistisk h\u00e5llning och utesl\u00f6ts ur det socialdemokratiska partiet 1908. F\u00f6r efterv\u00e4rlden \u00e4r han framf\u00f6r allt k\u00e4nd som sexualupplysare och f\u00f6r att sprida information om preventivmedel.<\/p>\n\n\n\n<p><strong>Karl Kilbom<\/strong><br>I augusti 2021 \u00f6vertog AKS ansvaret f\u00f6r Karl Kilboms grav och ordnar sedan dess vandringar p\u00e5 Bromma kyrkog\u00e5rd d\u00e4r vi ber\u00e4ttar om ett tjugotal gravar som har anknytning till arbetarr\u00f6relsen.<\/p>\n\n\n\n<p>Karl Kilbom (1885-1961) var redakt\u00f6r och politiker. Som ung var han en del av det socialdemokratiska ungdomsf\u00f6rbund som br\u00f6t med moderpartiet 1917 och bildade Socialdemokratiska v\u00e4nsterpartiet (senare Sveriges kommunistiska parti). 1929 bildade han det antistalinistiska Socialistiska partiet f\u00f6r att 1937 \u00e5terv\u00e4nda till SAP. Kilbom var drivande i mycket av arbetarr\u00f6relsens kulturverksamheter.<\/p>\n\n\n\n<p><strong>Henrik Menander<\/strong><br>Arbetarnas Kulturhistoriska S\u00e4llskap har delat ansvar f\u00f6r Henrik Menanders grav p\u00e5 S:t Pauli kyrkog\u00e5rd i Malm\u00f6 med arbetarr\u00f6relsens organisationer i Malm\u00f6.<\/p>\n\n\n\n<p>Henrik Menander (1853-1917) var korksk\u00e4rare, arbetardiktare och fackf\u00f6reningsman. Han \u00e4r fr\u00e4mst k\u00e4nd som upphovsman till s\u00e5ngen <em>Arbetets s\u00f6ner<\/em> och som \u00f6vers\u00e4ttare av <em>Internationalen<\/em>.<\/p>\n","protected":false},"excerpt":{"rendered":"<p>Arbetarnas Kulturhistoriska S\u00e4llskap har v\u00e5rdnaden om en rad av arbetarr\u00f6relsens pionj\u00e4rers gravar. Du kan st\u00f6dja gravv\u00e5rden genom att sk\u00e4nka en slant via Swish: 123&#8230;<\/p>\n","protected":false},"author":1,"featured_media":0,"parent":0,"menu_order":0,"comment_status":"closed","ping_status":"closed","template":"","meta":{"footnotes":""},"class_list":["post-1347","page","type-page","status-publish","hentry"],"_links":{"self":[{"href":"https:\/\/arbetarkultur.se\/index.php?rest_route=\/wp\/v2\/pages\/1347","targetHints":{"allow":["GET"]}}],"collection":[{"href":"https:\/\/arbetarkultur.se\/index.php?rest_route=\/wp\/v2\/pages"}],"about":[{"href":"https:\/\/arbetarkultur.se\/index.php?rest_route=\/wp\/v2\/types\/page"}],"author":[{"embeddable":true,"href":"https:\/\/arbetarkultur.se\/index.php?rest_route=\/wp\/v2\/users\/1"}],"replies":[{"embeddable":true,"href":"https:\/\/arbetarkultur.se\/index.php?rest_route=%2Fwp%2Fv2%2Fcomments&post=1347"}],"version-history":[{"count":2,"href":"https:\/\/arbetarkultur.se\/index.php?rest_route=\/wp\/v2\/pages\/1347\/revisions"}],"predecessor-version":[{"id":1350,"href":"https:\/\/arbetarkultur.se\/index.php?rest_route=\/wp\/v2\/pages\/1347\/revisions\/1350"}],"wp:attachment":[{"href":"https:\/\/arbetarkultur.se\/index.php?rest_route=%2Fwp%2Fv2%2Fmedia&parent=1347"}],"curies":[{"name":"wp","href":"https:\/\/api.w.org\/{rel}","templated":true}]}}